{"id":83,"date":"2012-03-23T21:02:54","date_gmt":"2012-03-23T21:02:54","guid":{"rendered":"http:\/\/www.samurai-graben-neudorf.de\/?page_id=83"},"modified":"2018-05-20T15:00:02","modified_gmt":"2018-05-20T15:00:02","slug":"kooperationen","status":"publish","type":"page","link":"https:\/\/www.samurai-graben-neudorf.de\/?page_id=83","title":{"rendered":"Kooperationen"},"content":{"rendered":"<p>Derzeit bestehen Kooperationen mit folgenden Schulen:<\/p>\n<table>\n<tbody>\n<tr>\n<th>Organisation<\/th>\n<th>Programm<\/th>\n<\/tr>\n<tr>\n<td><a title=\"Pestalozzi Werkrealschule Graben-Neudorf\" href=\"http:\/\/www.pestalozzi-hwrs.de\" target=\"_blank\">Pestalozzi-Werkrealschule Graben-Neudorf<\/a><\/td>\n<td><a href=\"#raufen\">Raufen nach Regeln<\/a><\/td>\n<\/tr>\n<tr>\n<td><a title=\"Adolf Ku\u00dfmaulgrundschule Graben-Neudorf\" href=\"http:\/\/www.kussmaulschule.de\/\" target=\"_blank\">Adolf-Ku\u00dfmaul-Grundschule Graben-Neudorf<\/a><\/td>\n<td><a href=\"#raufen\">Raufen nach Regeln<\/a><\/td>\n<\/tr>\n<tr>\n<td><a title=\"Albert-Schweitzer Kindergarten Graben-Neudorf\" href=\"http:\/\/www.ev-gn.de\/kinderg\/albert-s\/wir\/index.htm\" target=\"_blank\">Albert-Schweitzer Kindergarten Graben-Neudorf<\/a><\/td>\n<td><a href=\"#boot\">Gesundes Boot<\/a><\/td>\n<\/tr>\n<tr>\n<td><a title=\"Albert-Schweitzer Kindergarten Graben-Neudorf\" href=\"http:\/\/www.ev-gn.de\/kinderg\/albert-s\/wir\/index.htm\" target=\"_blank\">Albert-Schweitzer Kindergarten Graben-Neudorf<\/a><\/td>\n<td><a href=\"#PFiFF\">PFiFF<\/a><\/td>\n<\/tr>\n<\/tbody>\n<\/table>\n<h2>Details zum Programm &#8222;Raufen nach Regeln&#8220;<\/h2>\n<p>Teilnehmer dieser Ma\u00dfnahme sind Kinder aus allen Bildungsschichten und Nationalit\u00e4ten. Das Programm &#8222;Raufen nach Regeln&#8220; dient unter anderem der F\u00f6rderung von sozialen Kompetenzen und Selbstfindung und ist auch unter dem Aspekt der Inklusion sehr sinnvoll.<\/p>\n<p>Diese Ma\u00dfnahme wird immer von einem B-Trainer betreut. F\u00fcr die Arbeit mit den Kindern dieser Ma\u00dfnahme ist es von Vorteil, dass unser Trainer ein Zertifikat des DOSB \u201eSport in der Pr\u00e4vention \u2013 Gesundheitstraining f\u00fcr Kinder\u201c, besitzt. Da unser Konzept sowohl auf dem Pluspunkt Gesundheit DTB als auch Sport pro Gesundheit des DOSB gr\u00fcndet, wird ein ganzheitliches und nicht nur ein fachspezifisches Training angeboten.<\/p>\n<h2>Details zum Programm &#8222;Komm mit in das gesunde Boot&#8220;<\/h2>\n<p>Das F\u00f6rderprogramm &#8222;Komm mit in das gesunde Boot&#8220; der Baden-W\u00fcrttemberg Stiftung ist ein umfassendes Pr\u00e4ventionsprogramm zur Gesundheitlsf\u00f6rderung von Kindern. Es besteht aus zwei Modulen: dem <strong>Bewegungsmodul &#8222;locker h\u00fcpfen &amp; lustig spielen&#8220;<\/strong> und dem <strong>Ern\u00e4hrungsmodul &#8222;lecker essen &amp; trinken&#8220;<\/strong> Dadurch werden neue Impulse f\u00fcr mehr Bewegung und ausgewogene Ern\u00e4hrung in den Kindergartenalltag gebracht.<\/p>\n<h2>Details zum Programm &#8222;PFiFF&#8220;<\/h2>\n<p>Mit PFiFF startet der Badische Sportbund Nord e.V. erstmals ein Programm zur direkten Kooperation von Kinderg\u00e4rten und Sportvereinen. Auch die Ausrichtung des Sportprogramms ist bislang einzigartig: PFiFF ist ein Sportprogramm zur F\u00f6rderung der Selbstregulation von Kindern. <a title=\"Pfiff Webseite\" href=\"http:\/\/www.badischer-sportbund.de\/THEMENUNDPROGRAMME\/PFiFFKindergartenundVerein\/\" target=\"_blank\">Weitere Infos finden Sie HIER<\/a><\/p>\n<p>Unser Trainer Rolf Vogel wird das Programm mit den Kindern durchf\u00fchren.<\/p>\n","protected":false},"excerpt":{"rendered":"<p>Derzeit bestehen Kooperationen mit folgenden Schulen: Organisation Programm Pestalozzi-Werkrealschule Graben-Neudorf Raufen nach Regeln Adolf-Ku\u00dfmaul-Grundschule Graben-Neudorf Raufen nach Regeln Albert-Schweitzer Kindergarten Graben-Neudorf Gesundes Boot Albert-Schweitzer Kindergarten Graben-Neudorf PFiFF Details zum Programm &#8222;Raufen nach Regeln&#8220; Teilnehmer dieser Ma\u00dfnahme sind Kinder aus allen &hellip; <a href=\"https:\/\/www.samurai-graben-neudorf.de\/?page_id=83\">Weiterlesen <span class=\"meta-nav\">&rarr;<\/span><\/a><\/p>\n","protected":false},"author":1,"featured_media":1262,"parent":0,"menu_order":0,"comment_status":"closed","ping_status":"open","template":"","meta":[],"_links":{"self":[{"href":"https:\/\/www.samurai-graben-neudorf.de\/index.php?rest_route=\/wp\/v2\/pages\/83"}],"collection":[{"href":"https:\/\/www.samurai-graben-neudorf.de\/index.php?rest_route=\/wp\/v2\/pages"}],"about":[{"href":"https:\/\/www.samurai-graben-neudorf.de\/index.php?rest_route=\/wp\/v2\/types\/page"}],"author":[{"embeddable":true,"href":"https:\/\/www.samurai-graben-neudorf.de\/index.php?rest_route=\/wp\/v2\/users\/1"}],"replies":[{"embeddable":true,"href":"https:\/\/www.samurai-graben-neudorf.de\/index.php?rest_route=%2Fwp%2Fv2%2Fcomments&post=83"}],"version-history":[{"count":17,"href":"https:\/\/www.samurai-graben-neudorf.de\/index.php?rest_route=\/wp\/v2\/pages\/83\/revisions"}],"predecessor-version":[{"id":2165,"href":"https:\/\/www.samurai-graben-neudorf.de\/index.php?rest_route=\/wp\/v2\/pages\/83\/revisions\/2165"}],"wp:featuredmedia":[{"embeddable":true,"href":"https:\/\/www.samurai-graben-neudorf.de\/index.php?rest_route=\/wp\/v2\/media\/1262"}],"wp:attachment":[{"href":"https:\/\/www.samurai-graben-neudorf.de\/index.php?rest_route=%2Fwp%2Fv2%2Fmedia&parent=83"}],"curies":[{"name":"wp","href":"https:\/\/api.w.org\/{rel}","templated":true}]}}