{"id":5,"date":"2012-01-22T00:32:08","date_gmt":"2012-01-22T00:32:08","guid":{"rendered":"http:\/\/samurai.andi-stahl.de\/?page_id=5"},"modified":"2023-09-21T18:01:07","modified_gmt":"2023-09-21T16:01:07","slug":"aikido","status":"publish","type":"page","link":"https:\/\/www.samurai-graben-neudorf.de\/?page_id=5","title":{"rendered":"Aikido"},"content":{"rendered":"<h2>\u00dcber Aikido<\/h2>\n<p>Aikido ist ein Weg geistiger und k\u00f6rperlicher Schulung, es ist kein Kampf und kein Wettbewerb. Im Aikido wird nicht der Angreifer gebrochen, sondern nur der Angriff. Die nat\u00fcrlichen Bewegungen, die umfangreiche Gymnastik und die Harmonie der Techniken fordern den K\u00f6rper zwar ausgiebig, aber zwingen ihn nicht zu H\u00f6chstleistungen. Aikido ist ein Sport f\u00fcr Jeden, der etwas Au\u00dfergew\u00f6hnliches vollbringen mag.<\/p>\n<p>Aikido kommt aus dem japanischen und setzt sich aus den Silben &#8218;Ai&#8216; &#8218;Ki&#8216; und &#8218;Do&#8216; zusammen. Ai bedeutet Harmonie, Ki ist die Energie oder Atemkraft und Do ist der Weg. Frei \u00fcbersetzt bedeutet das &#8222;Harmonischer Weg von Energien&#8220;.<\/p>\n<h2>Aikido in unserem Verein<\/h2>\n<p>Bei uns wird der Stil Mushin-Rengo gelehrt. Mushin (\u201efreier Geist\u201c) ist bei diesem Stil nicht nur Name sondern auch Programm. Gr\u00fcnder dieses Stils war Gerhard Kurz.<\/p>\n<h2>Trainingszeiten<\/h2>\n<p>Wir trainieren in Graben-Neudorf in der Pestalozzi-Halle zu den folgenden Zeiten:<\/p>\n<table>\n<tbody>\n<tr>\n<td>Dienstag<\/td>\n<td>Gr\u00fcner Raum<\/td>\n<td>17:00 &#8211; 18:00 Uhr<\/td>\n<td>Vorschulkinder und Grundschulkinder<\/td>\n<\/tr>\n<tr>\n<td><\/td>\n<td><\/td>\n<td>18:00 &#8211; 19:00 Uhr<\/td>\n<td>Kinder und Jugendliche\u00a0ab der 5. Klasse<\/td>\n<\/tr>\n<tr>\n<td><\/td>\n<td><\/td>\n<td><\/td>\n<td><\/td>\n<\/tr>\n<tr>\n<td>Freitag<\/td>\n<td>Halle oder Gr\u00fcner Raum<\/td>\n<td>15:00 &#8211; 16:00 Uhr<\/td>\n<td>Vor- und Grundschulkinder\u00a0Psychomotorik<\/td>\n<\/tr>\n<tr>\n<td><\/td>\n<td>Halle<\/td>\n<td>16:00 &#8211; 17:00 Uhr<\/td>\n<td>Vorschulkinder und Grundschulkinder<\/td>\n<\/tr>\n<tr>\n<td><\/td>\n<td><\/td>\n<td>17:00 &#8211; 19:00 Uhr<\/td>\n<td>Kinder und Jugendliche\u00a0ab der 5. Klasse<\/td>\n<\/tr>\n<\/tbody>\n<\/table>\n","protected":false},"excerpt":{"rendered":"<p>\u00dcber Aikido Aikido ist ein Weg geistiger und k\u00f6rperlicher Schulung, es ist kein Kampf und kein Wettbewerb. Im Aikido wird nicht der Angreifer gebrochen, sondern nur der Angriff. Die nat\u00fcrlichen Bewegungen, die umfangreiche Gymnastik und die Harmonie der Techniken fordern &hellip; <a href=\"https:\/\/www.samurai-graben-neudorf.de\/?page_id=5\">Weiterlesen <span class=\"meta-nav\">&rarr;<\/span><\/a><\/p>\n","protected":false},"author":1,"featured_media":2013,"parent":0,"menu_order":0,"comment_status":"closed","ping_status":"open","template":"","meta":[],"_links":{"self":[{"href":"https:\/\/www.samurai-graben-neudorf.de\/index.php?rest_route=\/wp\/v2\/pages\/5"}],"collection":[{"href":"https:\/\/www.samurai-graben-neudorf.de\/index.php?rest_route=\/wp\/v2\/pages"}],"about":[{"href":"https:\/\/www.samurai-graben-neudorf.de\/index.php?rest_route=\/wp\/v2\/types\/page"}],"author":[{"embeddable":true,"href":"https:\/\/www.samurai-graben-neudorf.de\/index.php?rest_route=\/wp\/v2\/users\/1"}],"replies":[{"embeddable":true,"href":"https:\/\/www.samurai-graben-neudorf.de\/index.php?rest_route=%2Fwp%2Fv2%2Fcomments&post=5"}],"version-history":[{"count":46,"href":"https:\/\/www.samurai-graben-neudorf.de\/index.php?rest_route=\/wp\/v2\/pages\/5\/revisions"}],"predecessor-version":[{"id":2833,"href":"https:\/\/www.samurai-graben-neudorf.de\/index.php?rest_route=\/wp\/v2\/pages\/5\/revisions\/2833"}],"wp:featuredmedia":[{"embeddable":true,"href":"https:\/\/www.samurai-graben-neudorf.de\/index.php?rest_route=\/wp\/v2\/media\/2013"}],"wp:attachment":[{"href":"https:\/\/www.samurai-graben-neudorf.de\/index.php?rest_route=%2Fwp%2Fv2%2Fmedia&parent=5"}],"curies":[{"name":"wp","href":"https:\/\/api.w.org\/{rel}","templated":true}]}}