{"id":2319,"date":"2020-02-16T13:22:21","date_gmt":"2020-02-16T12:22:21","guid":{"rendered":"http:\/\/www.samurai-graben-neudorf.de\/?page_id=2319"},"modified":"2025-06-26T13:56:15","modified_gmt":"2025-06-26T11:56:15","slug":"paddeln","status":"publish","type":"page","link":"https:\/\/www.samurai-graben-neudorf.de\/?page_id=2319","title":{"rendered":"Paddeln \/ Stand-up-Paddling"},"content":{"rendered":"<p style=\"text-align: center;\"><strong>Paddeln 2025<\/strong><\/p>\n<p style=\"text-align: center;\">Endlich ist es soweit, wir wollen mal wieder in See stechen.<br \/>\nDie Kanus warten schon auf uns.<\/p>\n<p style=\"text-align: center;\"><span style=\"color: #ff0000;\"><em>Derzeit alle Termin ausgebucht &#8211; weitere folgen, sobald Wetter und Wasserstand es zulassen!<\/em><\/span><\/p>\n<p style=\"text-align: center;\">Die Paddeltour beginnt jeweils um 14Uhr.<\/p>\n<p style=\"text-align: center;\"><strong>Was musst Du tun um dabei zu sein?<\/strong><\/p>\n<p style=\"text-align: center;\">Melde Dich in unserer Gesch\u00e4ftsstelle unter<br \/>\n07255\/7187888 (Herr Rolf Vogel)<br \/>\nf\u00fcr einen Paddel-Freitag an.<\/p>\n<hr \/>\n<p style=\"text-align: center;\"><span style=\"color: #000000;\"><strong>Stand-up-Paddling &#8211; wer hat Lust, das mal kennenzulernen?<\/strong><\/span><\/p>\n<p style=\"text-align: center;\"><a href=\"http:\/\/www.samurai-graben-neudorf.de\/wp-content\/uploads\/2019\/07\/SUP-Makaio1.png\"><img decoding=\"async\" loading=\"lazy\" class=\"aligncenter size-full wp-image-2415\" title=\"SUP Makaio\" src=\"http:\/\/www.samurai-graben-neudorf.de\/wp-content\/uploads\/2019\/07\/SUP-Makaio1.png\" alt=\"\" width=\"478\" height=\"375\" \/><\/a>Wir haben hochwertige Boards von Makaio zum Ausleihen und Spa\u00df haben.<\/p>\n<p style=\"text-align: center;\">N\u00e4here Informationen bei Rolf Vogel unter 07255\/7187888.<\/p>\n<hr \/>\n<p style=\"text-align: center;\"><strong>Wer hat Lust, mit uns Paddeln zu gehen ? <\/strong><\/p>\n<p><strong><a href=\"http:\/\/www.samurai-graben-neudorf.de\/wp-content\/uploads\/2019\/07\/Kanufahrer1.jpg\"><img decoding=\"async\" loading=\"lazy\" class=\"alignnone size-full wp-image-2346\" title=\"Kanufahrer\" src=\"http:\/\/www.samurai-graben-neudorf.de\/wp-content\/uploads\/2019\/07\/Kanufahrer1.jpg\" alt=\"\" width=\"960\" height=\"479\" \/><\/a><\/strong><\/p>\n<p>Im diesem Sommer d\u00fcrfen unsere Stand Up Paddel und Kajaks nach einem Jahr Pause endlich wieder aus der Garage raus und rauf auf den Philippsee.<\/p>\n<p>Wir bedanken uns ganz herzlich bei der Stadt Philippsburg, die uns einen problemlosen Zugang zum See erm\u00f6glicht, denn nur dadurch k\u00f6nnen wir erneut diesen sportlichen und sehr interessanten Beitrag zur Kinder- und Jugendarbeit leisten.<\/p>\n<p>Gerne h\u00e4tten wir nachhaltiger gehandelt und einen k\u00fcrzeren Weg zum See auf der eigenen Gemarkung begr\u00fc\u00dft, da kurze Wege nachhaltiger sind und somit zur Reduktion des CO2 Fu\u00dfabdrucks entscheidend beitragen.<\/p>\n<p>Weitere Informationen zum Paddeln und Kajak fahren folgen.<\/p>\n<p>Termine werden je nach Situation bekannt gegeben.<\/p>\n<p><strong>Treffpunkt am Philippsee Huttenheimer Seite an der Liegewiese.<\/strong><\/p>\n<p>Voraussetzung ist selbstverst\u00e4ndlich gutes Wetter, bei Regen findet das Paddeln nicht statt.<\/p>\n<p>Bitte bringt gute Laune mit und zieht Euch angemessen an, es k\u00f6nnte nass werden!<\/p>\n<p>Wir freuen uns auf Euch!<\/p>\n<p>Anmeldung bei Rolf Vogel unter 07255\/7187888.<\/p>\n","protected":false},"excerpt":{"rendered":"<p>Paddeln 2025 Endlich ist es soweit, wir wollen mal wieder in See stechen. Die Kanus warten schon auf uns. Derzeit alle Termin ausgebucht &#8211; weitere folgen, sobald Wetter und Wasserstand es zulassen! Die Paddeltour beginnt jeweils um 14Uhr. Was musst &hellip; <a href=\"https:\/\/www.samurai-graben-neudorf.de\/?page_id=2319\">Weiterlesen <span class=\"meta-nav\">&rarr;<\/span><\/a><\/p>\n","protected":false},"author":5,"featured_media":0,"parent":0,"menu_order":0,"comment_status":"closed","ping_status":"open","template":"","meta":[],"_links":{"self":[{"href":"https:\/\/www.samurai-graben-neudorf.de\/index.php?rest_route=\/wp\/v2\/pages\/2319"}],"collection":[{"href":"https:\/\/www.samurai-graben-neudorf.de\/index.php?rest_route=\/wp\/v2\/pages"}],"about":[{"href":"https:\/\/www.samurai-graben-neudorf.de\/index.php?rest_route=\/wp\/v2\/types\/page"}],"author":[{"embeddable":true,"href":"https:\/\/www.samurai-graben-neudorf.de\/index.php?rest_route=\/wp\/v2\/users\/5"}],"replies":[{"embeddable":true,"href":"https:\/\/www.samurai-graben-neudorf.de\/index.php?rest_route=%2Fwp%2Fv2%2Fcomments&post=2319"}],"version-history":[{"count":33,"href":"https:\/\/www.samurai-graben-neudorf.de\/index.php?rest_route=\/wp\/v2\/pages\/2319\/revisions"}],"predecessor-version":[{"id":3147,"href":"https:\/\/www.samurai-graben-neudorf.de\/index.php?rest_route=\/wp\/v2\/pages\/2319\/revisions\/3147"}],"wp:attachment":[{"href":"https:\/\/www.samurai-graben-neudorf.de\/index.php?rest_route=%2Fwp%2Fv2%2Fmedia&parent=2319"}],"curies":[{"name":"wp","href":"https:\/\/api.w.org\/{rel}","templated":true}]}}