{"id":105,"date":"2012-09-28T15:04:46","date_gmt":"2012-09-28T15:04:46","guid":{"rendered":"http:\/\/www.samurai-graben-neudorf.de\/?page_id=105"},"modified":"2017-10-26T13:01:33","modified_gmt":"2017-10-26T13:01:33","slug":"vereinsgelande","status":"publish","type":"page","link":"https:\/\/www.samurai-graben-neudorf.de\/?page_id=105","title":{"rendered":"Vereinsgel\u00e4nde"},"content":{"rendered":"<p>Unser Verein ist im Besitz eines ca. 2.000 qm gro\u00dfen Gel\u00e4ndes im Stadtteil Neudorf (Kirchenallee 5, gegen\u00fcber dem Vogelpark). Neben einer Feuerstelle, die sich sehr gut zum Grillen oder zum gem\u00fctlichen Lagerfeuer eignet, haben wir eine Menge Platz f\u00fcr unsere Jugendarbeit.<\/p>\n<p>Hier ein paar Eindr\u00fccke:<\/p>\n<p>Unser Vereinsgel\u00e4nde&#8230;<\/p>\n<p style=\"text-align: left;\"><a class=\"thickbox\" href=\"http:\/\/www.samurai-graben-neudorf.de\/wp-content\/uploads\/2016\/09\/IMG_20160827_183554.jpg\"><img decoding=\"async\" loading=\"lazy\" class=\"aligncenter  wp-image-851\" title=\"Vereinsgel\u00e4nde\" src=\"http:\/\/www.samurai-graben-neudorf.de\/wp-content\/uploads\/2016\/09\/IMG_20160827_183554-1024x427.jpg\" alt=\"\" width=\"467\" height=\"194\" srcset=\"https:\/\/www.samurai-graben-neudorf.de\/wp-content\/uploads\/2016\/09\/IMG_20160827_183554-1024x427.jpg 1024w, https:\/\/www.samurai-graben-neudorf.de\/wp-content\/uploads\/2016\/09\/IMG_20160827_183554-300x125.jpg 300w, https:\/\/www.samurai-graben-neudorf.de\/wp-content\/uploads\/2016\/09\/IMG_20160827_183554-500x208.jpg 500w\" sizes=\"(max-width: 467px) 100vw, 467px\" \/><\/a><span style=\"font-weight: 300;\">&#8230; mit unserem Vereinsheim und der Feuerstelle in Aktion&#8230;\u00a0<\/span><\/p>\n<p style=\"text-align: center;\"><a class=\"thickbox\" href=\"http:\/\/www.samurai-graben-neudorf.de\/wp-content\/uploads\/2016\/09\/IMG_20160827_131200042.jpg\"><img decoding=\"async\" loading=\"lazy\" class=\"aligncenter  wp-image-852\" title=\"Vereinsheim\" src=\"http:\/\/www.samurai-graben-neudorf.de\/wp-content\/uploads\/2016\/09\/IMG_20160827_131200042-1024x437.jpg\" alt=\"\" width=\"409\" height=\"174\" srcset=\"https:\/\/www.samurai-graben-neudorf.de\/wp-content\/uploads\/2016\/09\/IMG_20160827_131200042-1024x437.jpg 1024w, https:\/\/www.samurai-graben-neudorf.de\/wp-content\/uploads\/2016\/09\/IMG_20160827_131200042-300x128.jpg 300w, https:\/\/www.samurai-graben-neudorf.de\/wp-content\/uploads\/2016\/09\/IMG_20160827_131200042-500x213.jpg 500w\" sizes=\"(max-width: 409px) 100vw, 409px\" \/><\/a><a class=\"thickbox\" href=\"http:\/\/www.samurai-graben-neudorf.de\/wp-content\/uploads\/2016\/09\/IMG_20160827_183459.jpg\"><img decoding=\"async\" loading=\"lazy\" class=\"aligncenter  wp-image-850\" title=\"Feuerstelle\" src=\"http:\/\/www.samurai-graben-neudorf.de\/wp-content\/uploads\/2016\/09\/IMG_20160827_183459-258x300.jpg\" alt=\"\" width=\"206\" height=\"240\" srcset=\"https:\/\/www.samurai-graben-neudorf.de\/wp-content\/uploads\/2016\/09\/IMG_20160827_183459-258x300.jpg 258w, https:\/\/www.samurai-graben-neudorf.de\/wp-content\/uploads\/2016\/09\/IMG_20160827_183459-883x1024.jpg 883w, https:\/\/www.samurai-graben-neudorf.de\/wp-content\/uploads\/2016\/09\/IMG_20160827_183459.jpg 1690w\" sizes=\"(max-width: 206px) 100vw, 206px\" \/><\/a><\/p>\n<p>&#8230; dem Meditationskreis im Bambuswald&#8230;<\/p>\n<p style=\"text-align: center;\"><a class=\"thickbox\" href=\"http:\/\/www.samurai-graben-neudorf.de\/wp-content\/uploads\/2016\/09\/IMG_20160827_183737-1.jpg\"><img decoding=\"async\" loading=\"lazy\" class=\"aligncenter  wp-image-854\" title=\"Meditationskreis\" src=\"http:\/\/www.samurai-graben-neudorf.de\/wp-content\/uploads\/2016\/09\/IMG_20160827_183737-1-1024x562.jpg\" alt=\"\" width=\"409\" height=\"224\" srcset=\"https:\/\/www.samurai-graben-neudorf.de\/wp-content\/uploads\/2016\/09\/IMG_20160827_183737-1-1024x562.jpg 1024w, https:\/\/www.samurai-graben-neudorf.de\/wp-content\/uploads\/2016\/09\/IMG_20160827_183737-1-300x164.jpg 300w, https:\/\/www.samurai-graben-neudorf.de\/wp-content\/uploads\/2016\/09\/IMG_20160827_183737-1-500x274.jpg 500w\" sizes=\"(max-width: 409px) 100vw, 409px\" \/><\/a><\/p>\n<p><span style=\"font-weight: 300;\">&#8230; dem Zen-Garten&#8230;<\/span><\/p>\n<p style=\"text-align: center;\"><a class=\"thickbox\" href=\"http:\/\/www.samurai-graben-neudorf.de\/wp-content\/uploads\/2016\/09\/IMG_20160827_183703.jpg\"><img decoding=\"async\" loading=\"lazy\" class=\"aligncenter  wp-image-853\" title=\"Zen-Garten\" src=\"http:\/\/www.samurai-graben-neudorf.de\/wp-content\/uploads\/2016\/09\/IMG_20160827_183703-1024x534.jpg\" alt=\"\" width=\"409\" height=\"213\" srcset=\"https:\/\/www.samurai-graben-neudorf.de\/wp-content\/uploads\/2016\/09\/IMG_20160827_183703-1024x534.jpg 1024w, https:\/\/www.samurai-graben-neudorf.de\/wp-content\/uploads\/2016\/09\/IMG_20160827_183703-300x156.jpg 300w, https:\/\/www.samurai-graben-neudorf.de\/wp-content\/uploads\/2016\/09\/IMG_20160827_183703-500x261.jpg 500w\" sizes=\"(max-width: 409px) 100vw, 409px\" \/><\/a><\/p>\n<p>&#8230; und dem Yin und Yang Garten im Werden<\/p>\n<p style=\"text-align: center;\"><a class=\"thickbox\" href=\"http:\/\/www.samurai-graben-neudorf.de\/wp-content\/uploads\/2016\/09\/IMG_20160903_200148849.jpg\"><img decoding=\"async\" loading=\"lazy\" class=\"aligncenter  wp-image-848\" title=\"Yin und Yang Garten\" src=\"http:\/\/www.samurai-graben-neudorf.de\/wp-content\/uploads\/2016\/09\/IMG_20160903_200148849-1024x626.jpg\" alt=\"\" width=\"409\" height=\"250\" srcset=\"https:\/\/www.samurai-graben-neudorf.de\/wp-content\/uploads\/2016\/09\/IMG_20160903_200148849-1024x626.jpg 1024w, https:\/\/www.samurai-graben-neudorf.de\/wp-content\/uploads\/2016\/09\/IMG_20160903_200148849-300x183.jpg 300w, https:\/\/www.samurai-graben-neudorf.de\/wp-content\/uploads\/2016\/09\/IMG_20160903_200148849-490x300.jpg 490w\" sizes=\"(max-width: 409px) 100vw, 409px\" \/><\/a><\/p>\n<p><span style=\"font-weight: 300;\"><strong><br \/>\nR\u00fcckblick: <\/strong>Mit diesem Hartplatz hat einmal alles begonnen:<\/span><\/p>\n<p style=\"text-align: center;\"><a class=\"thickbox\" style=\"font-style: normal; font-weight: 300; line-height: 24.375px; text-decoration: underline;\" href=\"http:\/\/www.samurai-graben-neudorf.de\/wp-content\/uploads\/2012\/09\/gelaende-ganz.jpg\"><img decoding=\"async\" loading=\"lazy\" class=\"size-medium wp-image-120 aligncenter\" style=\"border-color: #bbbbbb; margin-top: 0.4em; background: #eeeeee;\" title=\"Vereinsgel\u00e4nde\" src=\"http:\/\/www.samurai-graben-neudorf.de\/wp-content\/uploads\/2012\/09\/gelaende-ganz-300x200.jpg\" alt=\"Vereinsgel\u00e4nde Samurai Graben-Neudorf\" width=\"300\" height=\"200\" srcset=\"https:\/\/www.samurai-graben-neudorf.de\/wp-content\/uploads\/2012\/09\/gelaende-ganz-300x200.jpg 300w, https:\/\/www.samurai-graben-neudorf.de\/wp-content\/uploads\/2012\/09\/gelaende-ganz-449x300.jpg 449w, https:\/\/www.samurai-graben-neudorf.de\/wp-content\/uploads\/2012\/09\/gelaende-ganz.jpg 730w\" sizes=\"(max-width: 300px) 100vw, 300px\" \/><\/a><\/p>\n<p style=\"text-align: center;\"><a class=\"thickbox\" href=\"http:\/\/www.samurai-graben-neudorf.de\/wp-content\/uploads\/2012\/09\/gelaende-ursprung.jpg\"><img decoding=\"async\" loading=\"lazy\" class=\"aligncenter size-medium wp-image-121\" title=\"Gel\u00e4nde urspr\u00fcnglich\" src=\"http:\/\/www.samurai-graben-neudorf.de\/wp-content\/uploads\/2012\/09\/gelaende-ursprung-300x205.jpg\" alt=\"\" width=\"300\" height=\"205\" srcset=\"https:\/\/www.samurai-graben-neudorf.de\/wp-content\/uploads\/2012\/09\/gelaende-ursprung-300x205.jpg 300w, https:\/\/www.samurai-graben-neudorf.de\/wp-content\/uploads\/2012\/09\/gelaende-ursprung-438x300.jpg 438w, https:\/\/www.samurai-graben-neudorf.de\/wp-content\/uploads\/2012\/09\/gelaende-ursprung.jpg 740w\" sizes=\"(max-width: 300px) 100vw, 300px\" \/><\/a><\/p>\n<p style=\"text-align: center;\"><a class=\"thickbox\" style=\"font-weight: 300;\" href=\"http:\/\/www.samurai-graben-neudorf.de\/wp-content\/uploads\/2012\/09\/gelaende-ursprung2.jpg\"><img decoding=\"async\" loading=\"lazy\" class=\"alignnone size-medium wp-image-122\" title=\"Gel\u00e4nde mit Zelten\" src=\"http:\/\/www.samurai-graben-neudorf.de\/wp-content\/uploads\/2012\/09\/gelaende-ursprung2-300x205.jpg\" alt=\"\" width=\"300\" height=\"205\" srcset=\"https:\/\/www.samurai-graben-neudorf.de\/wp-content\/uploads\/2012\/09\/gelaende-ursprung2-300x205.jpg 300w, https:\/\/www.samurai-graben-neudorf.de\/wp-content\/uploads\/2012\/09\/gelaende-ursprung2-438x300.jpg 438w, https:\/\/www.samurai-graben-neudorf.de\/wp-content\/uploads\/2012\/09\/gelaende-ursprung2.jpg 740w\" sizes=\"(max-width: 300px) 100vw, 300px\" \/><\/a><\/p>\n<div>\n<p>Irgendwann kam dann unser Vereinsheim. Nach und nach folgten der<span style=\"font-weight: 300;\">\u00a0Zen-Garten, ein Meditationskreis, ein Kr\u00e4uterbeet und mehrere Felder mit verschiedenen Bambusarten. Eindr\u00fccke vom Sp\u00e4tsommer 2012:<\/span><\/p>\n<div class=\"aligncenter\" style=\"text-align: center;\"><a class=\"thickbox\" href=\"http:\/\/www.samurai-graben-neudorf.de\/wp-content\/uploads\/2012\/09\/zen-garten.jpg\"><img decoding=\"async\" loading=\"lazy\" class=\"alignnone size-medium wp-image-119\" title=\"Zen-Garten\" src=\"http:\/\/www.samurai-graben-neudorf.de\/wp-content\/uploads\/2012\/09\/zen-garten-300x225.jpg\" alt=\"\" width=\"300\" height=\"225\" srcset=\"https:\/\/www.samurai-graben-neudorf.de\/wp-content\/uploads\/2012\/09\/zen-garten-300x225.jpg 300w, https:\/\/www.samurai-graben-neudorf.de\/wp-content\/uploads\/2012\/09\/zen-garten-399x300.jpg 399w, https:\/\/www.samurai-graben-neudorf.de\/wp-content\/uploads\/2012\/09\/zen-garten.jpg 740w\" sizes=\"(max-width: 300px) 100vw, 300px\" \/><\/a> <a class=\"thickbox\" href=\"http:\/\/www.samurai-graben-neudorf.de\/wp-content\/uploads\/2012\/09\/meditationskreis-anfang.jpg\"><img decoding=\"async\" loading=\"lazy\" class=\"alignnone size-medium wp-image-115\" title=\"Meditationskreis wird angelegt\" src=\"http:\/\/www.samurai-graben-neudorf.de\/wp-content\/uploads\/2012\/09\/meditationskreis-anfang-300x225.jpg\" alt=\"\" width=\"300\" height=\"225\" srcset=\"https:\/\/www.samurai-graben-neudorf.de\/wp-content\/uploads\/2012\/09\/meditationskreis-anfang-300x225.jpg 300w, https:\/\/www.samurai-graben-neudorf.de\/wp-content\/uploads\/2012\/09\/meditationskreis-anfang-400x300.jpg 400w, https:\/\/www.samurai-graben-neudorf.de\/wp-content\/uploads\/2012\/09\/meditationskreis-anfang.jpg 740w\" sizes=\"(max-width: 300px) 100vw, 300px\" \/><\/a> <a class=\"thickbox\" href=\"http:\/\/www.samurai-graben-neudorf.de\/wp-content\/uploads\/2012\/09\/kraeutergarten.jpg\"><img decoding=\"async\" loading=\"lazy\" class=\"alignnone size-medium wp-image-114\" title=\"Kr\u00e4uterspirale\" src=\"http:\/\/www.samurai-graben-neudorf.de\/wp-content\/uploads\/2012\/09\/kraeutergarten-300x225.jpg\" alt=\"\" width=\"300\" height=\"225\" srcset=\"https:\/\/www.samurai-graben-neudorf.de\/wp-content\/uploads\/2012\/09\/kraeutergarten-300x225.jpg 300w, https:\/\/www.samurai-graben-neudorf.de\/wp-content\/uploads\/2012\/09\/kraeutergarten-400x300.jpg 400w, https:\/\/www.samurai-graben-neudorf.de\/wp-content\/uploads\/2012\/09\/kraeutergarten.jpg 740w\" sizes=\"(max-width: 300px) 100vw, 300px\" \/><\/a><\/div>\n<p style=\"text-align: center;\">Das j\u00fcngste Projekt ist der &#8222;Yin und Yang&#8220;-Garten. So sah er ganz am Anfang aus &#8211; in der Mitte wird das Yin und Yang Symbol mit Steinen gelegt, umschlossen von einer weiteren Art Bambus.<br \/>\n<a class=\"thickbox\" href=\"http:\/\/www.samurai-graben-neudorf.de\/wp-content\/uploads\/2012\/09\/yin-yang-anfang.jpg\"><img decoding=\"async\" loading=\"lazy\" class=\"aligncenter size-medium wp-image-118\" title=\"Yin-Yang Garten wird angelegt\" src=\"http:\/\/www.samurai-graben-neudorf.de\/wp-content\/uploads\/2012\/09\/yin-yang-anfang-300x200.jpg\" alt=\"\" width=\"300\" height=\"200\" srcset=\"https:\/\/www.samurai-graben-neudorf.de\/wp-content\/uploads\/2012\/09\/yin-yang-anfang-300x200.jpg 300w, https:\/\/www.samurai-graben-neudorf.de\/wp-content\/uploads\/2012\/09\/yin-yang-anfang-449x300.jpg 449w, https:\/\/www.samurai-graben-neudorf.de\/wp-content\/uploads\/2012\/09\/yin-yang-anfang.jpg 760w\" sizes=\"(max-width: 300px) 100vw, 300px\" \/><\/a><\/p>\n<\/div>\n","protected":false},"excerpt":{"rendered":"<p>Unser Verein ist im Besitz eines ca. 2.000 qm gro\u00dfen Gel\u00e4ndes im Stadtteil Neudorf (Kirchenallee 5, gegen\u00fcber dem Vogelpark). Neben einer Feuerstelle, die sich sehr gut zum Grillen oder zum gem\u00fctlichen Lagerfeuer eignet, haben wir eine Menge Platz f\u00fcr unsere &hellip; <a href=\"https:\/\/www.samurai-graben-neudorf.de\/?page_id=105\">Weiterlesen <span class=\"meta-nav\">&rarr;<\/span><\/a><\/p>\n","protected":false},"author":1,"featured_media":1262,"parent":0,"menu_order":0,"comment_status":"closed","ping_status":"open","template":"","meta":[],"_links":{"self":[{"href":"https:\/\/www.samurai-graben-neudorf.de\/index.php?rest_route=\/wp\/v2\/pages\/105"}],"collection":[{"href":"https:\/\/www.samurai-graben-neudorf.de\/index.php?rest_route=\/wp\/v2\/pages"}],"about":[{"href":"https:\/\/www.samurai-graben-neudorf.de\/index.php?rest_route=\/wp\/v2\/types\/page"}],"author":[{"embeddable":true,"href":"https:\/\/www.samurai-graben-neudorf.de\/index.php?rest_route=\/wp\/v2\/users\/1"}],"replies":[{"embeddable":true,"href":"https:\/\/www.samurai-graben-neudorf.de\/index.php?rest_route=%2Fwp%2Fv2%2Fcomments&post=105"}],"version-history":[{"count":43,"href":"https:\/\/www.samurai-graben-neudorf.de\/index.php?rest_route=\/wp\/v2\/pages\/105\/revisions"}],"predecessor-version":[{"id":1487,"href":"https:\/\/www.samurai-graben-neudorf.de\/index.php?rest_route=\/wp\/v2\/pages\/105\/revisions\/1487"}],"wp:featuredmedia":[{"embeddable":true,"href":"https:\/\/www.samurai-graben-neudorf.de\/index.php?rest_route=\/wp\/v2\/media\/1262"}],"wp:attachment":[{"href":"https:\/\/www.samurai-graben-neudorf.de\/index.php?rest_route=%2Fwp%2Fv2%2Fmedia&parent=105"}],"curies":[{"name":"wp","href":"https:\/\/api.w.org\/{rel}","templated":true}]}}